{"id":247,"date":"2018-06-16T21:57:32","date_gmt":"2018-06-16T19:57:32","guid":{"rendered":"http:\/\/zupe-igrane-drasnice.com\/?page_id=247"},"modified":"2026-04-18T21:34:59","modified_gmt":"2026-04-18T19:34:59","slug":"liturgija-dana","status":"publish","type":"page","link":"https:\/\/zupe-igrane-drasnice.com\/?page_id=247","title":{"rendered":"NEDJELJNJA \u010cITANJA"},"content":{"rendered":"\n<h4 class=\"wp-block-heading\">Prvo \u010ditanje:<\/h4>\n\n\n\n<p>Dj 2 ,14.22-33<\/p>\n\n\n\n<h4 class=\"wp-block-heading\">Bija\u0161e nemogu\u0107e da grozota smrti njime ovlada.<\/h4>\n\n\n\n<p>\u010citanje Djela apostolskih<br>Na dan Pedesetnice ustade Petar zajedno s jedanaestoricom, podi\u017ee glas i prozbori: \u00bb\u017didovi i svi \u0161to boravite u Jeruzalemu, ovo znajte i rije\u010di mi poslu\u0161ajte: Isusa Nazare\u0107anina, \u010dovjeka kojega Bog pred vama potvrdi silnim djelima, \u010dudesima i znamenjima koja, kao \u0161to znate, po njemu u\u010dini me\u0111u vama \u2013 njega, predana po odlu\u010denu naumu i promislu Bo\u017ejem, po rukama bezakonika razapeste i pogubiste. Ali Bog ga uskrisi oslobodiv\u0161i ga grozote smrti jer ne bija\u0161e mogu\u0107e da ona njime ovlada. David doista za nj ka\u017ee: \u2019Gospodin mi je svagda pred o\u010dima jer mi je zdesna da ne posrnem. Stog mi se raduje srce i kli\u010de jezik, pa i tijelo mi spokojno po\u010diva. Jer mi ne\u0107e\u0161 ostaviti du\u0161u u podzemlju ni dati da pravednik tvoj trule\u017ei ugleda. Pokazat \u0107e\u0161 mi stazu \u017eivota, ispuniti me rado\u0161\u0107u lica svoga.\u2019 Bra\u0107o, dopustite da vam otvoreno ka\u017eem: praotac je David umro, pokopan je i eno mu me\u0111u nama groba sve do dana\u0161njeg dana. Ali kako je bio prorok i znao da mu se zakletvom zakle Bog plod utrobe njegove posaditi na prijestolje njegovo, unaprijed je vidio i navijestio uskrsnu\u0107e Kristovo: Nije ostavljen u podzemlju niti mu tijelo trule\u017ei ugleda. Toga Isusa uskrisi Bog! Svi smo mi tomu svjedoci. Desnicom dakle Bo\u017ejom uzvi\u0161en, primio je od Oca obe\u0107anje, Duha Svetoga, i izlio ga kako i sami gledate i slu\u0161ate.\u00ab<br>Rije\u010d Gospodnja.<\/p>\n\n\n\n<h4 class=\"wp-block-heading\">Otpjevni psalam:<\/h4>\n\n\n\n<p>Ps 16,1-2a.5.7-11<\/p>\n\n\n\n<h4 class=\"wp-block-heading\">Poka\u017ei mi, Gospodine, stazu \u017eivota!<\/h4>\n\n\n\n<p>\u010cuvaj me, Bo\u017ee, jer se tebi utje\u010dem.<br>Gospodinu rekoh: \u00bbTi si moj gospodar.\u00ab<br>Gospodin mi je ba\u0161tina i \u010da\u0161a:<br>ti u ruci dr\u017ei\u0161 moju sudbinu.<\/p>\n\n\n\n<p>Blagoslivljam Gospodina koji me svjetuje<br>te me i no\u0107u srce opominje.<br>Gospodin mi je svagda pred o\u010dima<br>jer mi je zdesna da ne posrnem.<\/p>\n\n\n\n<p>Stog mi se raduje srce i kli\u010de du\u0161a,<br>pa i tijelo mi spokojno po\u010diva.<br>Jer mi ne\u0107e\u0161 ostavit du\u0161u u podzemlju<br>ni dati da pravednik tvoj trule\u017ei ugleda.<\/p>\n\n\n\n<p>Pokazat \u0107e\u0161 mi stazu \u017eivota,<br>puninu radosti lica svoga,<br>sebi zdesna bla\u017eenstvo vje\u010dno.<\/p>\n\n\n\n<h4 class=\"wp-block-heading\">Drugo \u010ditanje:<\/h4>\n\n\n\n<p>1Pt 1,17-21<\/p>\n\n\n\n<h4 class=\"wp-block-heading\">Otkupljeni ste dragocjenom krvlju Krista, Jaganjca bez mane.<\/h4>\n\n\n\n<p>\u010citanje Prve poslanice svetoga Petra apostola<br>Ljubljeni: Ako Ocem nazivate njega koji nepristrano svakoga po djelu sudi, vrijeme svoga proputovanja pro\u017eivite u bogobojaznosti. Ta znate da od svog ispraznog na\u010dina \u017eivota, \u0161to vam ga oci namrije\u0161e, niste otkupljeni ne\u010dim raspadljivim, srebrom ili zlatom, nego dragocjenom krvlju Krista, Jaganjca nevina i bez mane. On bija\u0161e dodu\u0161e predvi\u0111en prije postanka svijeta, ali se o\u010ditova na kraju vremen\u00e2 radi vas koji po njemu vjerujete u Boga koji ga uskrisi od mrtvih te mu dade slavu da vjera va\u0161a i nada bude u Bogu.<br>Rije\u010d Gospodnja.<\/p>\n\n\n\n<h4 class=\"wp-block-heading\">Evan\u0111elje:<\/h4>\n\n\n\n<p>Lk 24,13-35<\/p>\n\n\n\n<h4 class=\"wp-block-heading\">Prepozna\u0161e ga u lomljenju kruha.<\/h4>\n\n\n\n<p>\u010citanje svetog Evan\u0111elja po Luki<br>Onog istog dana \u2013 prvog u tjednu \u2013 dvojica Isusovih u\u010denika putovala su u selo koje se zove Emaus, udaljeno od Jeruzalema \u0161ezdeset stadija. Razgovarahu me\u0111usobno o svemu \u0161to se dogodilo. I dok su tako razgovarali i raspravljali, pribli\u017ei im se Isus i po\u0111e s njima. Ali prepoznati ga \u2013 bija\u0161e uskra\u0107eno njihovim o\u010dima. On ih upita: \u00bb\u0160to to putem pretresate me\u0111u sobom?\u00ab Oni se snu\u017edeni zaustave te mu jedan od njih, imenom Kleofa, odgovori: \u00bbZar si ti jedini stranac u Jeruzalemu te ne zna\u0161 \u0161to se u njemu dogodilo ovih dana?\u00ab A on \u0107e: \u00bb\u0160to to?\u00ab Odgovore mu: \u00bbPa ono s Isusom Nazare\u0107aninom, koji bija\u0161e prorok \u2013 silan na djelu i na rije\u010di pred Bogom i svim narodom: kako su ga glavari sve\u0107eni\u010dki i vije\u0107nici na\u0161i predali da bude osu\u0111en na smrt te ga razapeli. A mi se nadasmo da je on onaj koji ima otkupiti Izraela. Ali osim svega toga ovo je ve\u0107 tre\u0107i dan \u0161to se to dogodilo. A zbuni\u0161e nas i \u017eene neke od na\u0161ih: u praskozorje bijahu na grobu, ali nisu na\u0161le njegova tijela pa do\u0111o\u0161e te reko\u0161e da su im se ukazali an\u0111eli koji su rekli da je on \u017eiv. Odo\u0161e nato i neki na\u0161i na grob i na\u0111o\u0161e kako \u017eene reko\u0161e, ali njega ne vidje\u0161e.\u00ab A on \u0107e im: \u00bbO bezumni i srca spora da vjerujete \u0161to god su proroci navijestili! Nije li trebalo da Krist sve to pretrpi te u\u0111e u svoju slavu?\u00ab Po\u010dev\u0161i tada od Mojsija i svih proroka, protuma\u010di im \u0161to u svim Pismima ima o njemu. Uto se pribli\u017ee selu kamo su i\u0161li, a on kao da htjede dalje. No oni navaljivahu: \u00bbOstani s nama jer zamalo \u0107e ve\u010der i dan je na izmaku!\u00ab I uni\u0111e da ostane s njima. Dok bija\u0161e s njima za stolom, uze kruh, izre\u010de blagoslov, razlomi te im dava\u0161e. Uto im se otvore o\u010di te ga prepozna\u0161e, a on im i\u0161\u010deznu s o\u010diju. Tada reko\u0161e jedan drugome: \u00bbNije li gorjelo srce u nama dok nam je putem govorio, dok nam je otkrivao Pisma?\u00ab U isti se \u010das digo\u0161e i vrati\u0161e u Jeruzalem. Na\u0111o\u0161e okupljenu jedanaestoricu i one koji bijahu s njima. Oni im reko\u0161e: \u00bbDoista uskrsnu Gospodin i ukaza se \u0160imunu!\u00ab Nato oni pripovjede ono s puta i kako ga prepozna\u0161e u lomljenju kruha.<br>Rije\u010d Gospodnja.<\/p>\n","protected":false},"excerpt":{"rendered":"<p>Prvo \u010ditanje: Dj 2 ,14.22-33 Bija\u0161e nemogu\u0107e da grozota smrti njime ovlada. \u010citanje Djela apostolskihNa dan Pedesetnice ustade Petar zajedno s jedanaestoricom, podi\u017ee glas i prozbori: \u00bb\u017didovi i svi \u0161to [&hellip;]<\/p>\n","protected":false},"author":1,"featured_media":369,"parent":0,"menu_order":0,"comment_status":"closed","ping_status":"closed","template":"","meta":{"footnotes":""},"class_list":["post-247","page","type-page","status-publish","has-post-thumbnail","hentry"],"_links":{"self":[{"href":"https:\/\/zupe-igrane-drasnice.com\/index.php?rest_route=\/wp\/v2\/pages\/247","targetHints":{"allow":["GET"]}}],"collection":[{"href":"https:\/\/zupe-igrane-drasnice.com\/index.php?rest_route=\/wp\/v2\/pages"}],"about":[{"href":"https:\/\/zupe-igrane-drasnice.com\/index.php?rest_route=\/wp\/v2\/types\/page"}],"author":[{"embeddable":true,"href":"https:\/\/zupe-igrane-drasnice.com\/index.php?rest_route=\/wp\/v2\/users\/1"}],"replies":[{"embeddable":true,"href":"https:\/\/zupe-igrane-drasnice.com\/index.php?rest_route=%2Fwp%2Fv2%2Fcomments&post=247"}],"version-history":[{"count":18,"href":"https:\/\/zupe-igrane-drasnice.com\/index.php?rest_route=\/wp\/v2\/pages\/247\/revisions"}],"predecessor-version":[{"id":2192,"href":"https:\/\/zupe-igrane-drasnice.com\/index.php?rest_route=\/wp\/v2\/pages\/247\/revisions\/2192"}],"wp:featuredmedia":[{"embeddable":true,"href":"https:\/\/zupe-igrane-drasnice.com\/index.php?rest_route=\/wp\/v2\/media\/369"}],"wp:attachment":[{"href":"https:\/\/zupe-igrane-drasnice.com\/index.php?rest_route=%2Fwp%2Fv2%2Fmedia&parent=247"}],"curies":[{"name":"wp","href":"https:\/\/api.w.org\/{rel}","templated":true}]}}