{"id":202,"date":"2018-06-15T22:59:22","date_gmt":"2018-06-15T20:59:22","guid":{"rendered":"http:\/\/zupe-igrane-drasnice.com\/?page_id=202"},"modified":"2018-09-23T00:06:38","modified_gmt":"2018-09-22T22:06:38","slug":"pastoralna-vijeca-2","status":"publish","type":"page","link":"https:\/\/zupe-igrane-drasnice.com\/?page_id=202","title":{"rendered":"\u017dupna vije\u0107a"},"content":{"rendered":"<p>U smislu odredaba zakonika kanonskog prava i 55. Splitske sinode,\u00a0 Mons. Marin Bari\u0161i\u0107 nadbiskup metropolit splitsko-makarski, imenovao je na pet godina \u010dlanove <em>\u017dupnog pastoralnog vije\u0107a<\/em> \u017dupa Gospe od Ru\u017earija &#8211; Igrane i Sv. Jurja mu\u010denika &#8211; Dra\u0161nice:<\/p>\n<ol>\n<li>Ljiljana Anti\u010di\u0107<\/li>\n<li>Denis Glu\u010dina<\/li>\n<li>Mira Glu\u010dina<\/li>\n<li>\u017darko Kumri\u0107<\/li>\n<li>Nevenka Rudelj<\/li>\n<li>Dominko Talijan\u010di\u0107<\/li>\n<\/ol>\n<p>Br. 64\/2018-01 od 31. sije\u010dnja 2018.<\/p>\n<p>&nbsp;<\/p>\n<p>U smislu odredaba zakonika kanonskog prava i 55. Splitske sinode,\u00a0 Mons. Marin Bari\u0161i\u0107 nadbiskup metropolit splitsko-makarski, imenovao je na pet godina \u010dlanove <em>\u017dupnog ekonomskog vije\u0107a<\/em> \u017dupa Gospe od Ru\u017earija &#8211; Igrane i Sv. Jurja mu\u010denika &#8211; Dra\u0161nice:<\/p>\n<ol>\n<li>Davor Bakali\u0107<\/li>\n<li>Zoran Papi\u0107<\/li>\n<li>Ivan Talijan\u010di\u0107<\/li>\n<li>Antonela Urli\u0107<\/li>\n<\/ol>\n<p>Br. 64\/2018-02 od 31. sije\u010dnja 2018.<\/p>\n","protected":false},"excerpt":{"rendered":"<p>U smislu odredaba zakonika kanonskog prava i 55. Splitske sinode,\u00a0 Mons. Marin Bari\u0161i\u0107 nadbiskup metropolit splitsko-makarski, imenovao je na pet godina \u010dlanove \u017dupnog pastoralnog vije\u0107a \u017dupa Gospe od Ru\u017earija &#8211; [&hellip;]<\/p>\n","protected":false},"author":1,"featured_media":370,"parent":0,"menu_order":0,"comment_status":"closed","ping_status":"closed","template":"","meta":{"footnotes":""},"class_list":["post-202","page","type-page","status-publish","has-post-thumbnail","hentry"],"_links":{"self":[{"href":"https:\/\/zupe-igrane-drasnice.com\/index.php?rest_route=\/wp\/v2\/pages\/202","targetHints":{"allow":["GET"]}}],"collection":[{"href":"https:\/\/zupe-igrane-drasnice.com\/index.php?rest_route=\/wp\/v2\/pages"}],"about":[{"href":"https:\/\/zupe-igrane-drasnice.com\/index.php?rest_route=\/wp\/v2\/types\/page"}],"author":[{"embeddable":true,"href":"https:\/\/zupe-igrane-drasnice.com\/index.php?rest_route=\/wp\/v2\/users\/1"}],"replies":[{"embeddable":true,"href":"https:\/\/zupe-igrane-drasnice.com\/index.php?rest_route=%2Fwp%2Fv2%2Fcomments&post=202"}],"version-history":[{"count":5,"href":"https:\/\/zupe-igrane-drasnice.com\/index.php?rest_route=\/wp\/v2\/pages\/202\/revisions"}],"predecessor-version":[{"id":455,"href":"https:\/\/zupe-igrane-drasnice.com\/index.php?rest_route=\/wp\/v2\/pages\/202\/revisions\/455"}],"wp:featuredmedia":[{"embeddable":true,"href":"https:\/\/zupe-igrane-drasnice.com\/index.php?rest_route=\/wp\/v2\/media\/370"}],"wp:attachment":[{"href":"https:\/\/zupe-igrane-drasnice.com\/index.php?rest_route=%2Fwp%2Fv2%2Fmedia&parent=202"}],"curies":[{"name":"wp","href":"https:\/\/api.w.org\/{rel}","templated":true}]}}